{"id":82,"date":"2023-10-25T11:08:08","date_gmt":"2023-10-25T09:08:08","guid":{"rendered":"https:\/\/cursosparamedicos.com\/noticias\/?page_id=82"},"modified":"2023-10-25T11:10:12","modified_gmt":"2023-10-25T09:10:12","slug":"contacto","status":"publish","type":"page","link":"http:\/\/cursosparamedicos.com\/noticias\/contacto\/","title":{"rendered":"Contacto"},"content":{"rendered":"<p>Agradecemos mucho tus comentarios y esperamos recibir contacto de tu parte.<\/p>\n<p>Si deseas ponerte en contacto con nosotros o tienes comentarios sobre nuestro sitio web, te invitamos a escribirnos a la direcci\u00f3n de correo electr\u00f3nico que se muestra a continuaci\u00f3n.<\/p>\n<p>Por favor, utiliza un asunto claro en tu mensaje para que podamos identificar tu consulta en medio de la gran cantidad de correos electr\u00f3nicos que recibimos a diario. Haremos todo lo posible para responderte lo m\u00e1s r\u00e1pido posible.<\/p>\n<p>Valoramos mucho tus comentarios en forma de cr\u00edticas o comentarios en nuestro sitio web. Por favor, no olvides dejarlos en la secci\u00f3n de comentarios que se encuentra debajo de cada art\u00edculo.<\/p>\n<p>Si tienes preguntas o comentarios sobre los productos que revisamos, te invitamos a expresar tus opiniones en la secci\u00f3n de comentarios relacionada.<\/p>\n<p>Es importante destacar que no vendemos ni almacenamos los productos que revisamos. Si tienes problemas con la compra, te recomendamos que te pongas en contacto directamente con el fabricante.<\/p>\n<p>Lamentablemente, debido al gran volumen de preguntas que recibimos, no podemos responder a correos electr\u00f3nicos relacionados con la compra de suplementos alimenticios.<\/p>\n<p>Para obtener informaci\u00f3n adicional, te invitamos a ponerte en contacto con nosotros en la siguiente direcci\u00f3n de correo electr\u00f3nico: Contacto: info@cursosparamedicos.com.<\/p>\n<p>O puedes llenar el siguiente formulario:<\/p>\n<div class=\"wpforms-container wpforms-container-full wpforms-render-modern\" id=\"wpforms-84\"><form id=\"wpforms-form-84\" class=\"wpforms-validate wpforms-form wpforms-ajax-form\" data-formid=\"84\" method=\"post\" enctype=\"multipart\/form-data\" action=\"\/noticias\/wp-json\/wp\/v2\/pages\/82\" data-token=\"5f76678fcdb2b149c9ffc1c77556d205\"><noscript class=\"wpforms-error-noscript\">Por favor, activa JavaScript en tu navegador para completar este formulario.<\/noscript><div class=\"wpforms-hidden\" id=\"wpforms-error-noscript\">Por favor, activa JavaScript en tu navegador para completar este formulario.<\/div><div class=\"wpforms-field-container\"><div id=\"wpforms-84-field_0-container\" class=\"wpforms-field wpforms-field-name\" data-field-id=\"0\"><label class=\"wpforms-field-label\" for=\"wpforms-84-field_0\">Name <span class=\"wpforms-required-label\" aria-hidden=\"true\">*<\/span><\/label><input type=\"text\" id=\"wpforms-84-field_0\" class=\"wpforms-field-medium wpforms-field-required\" name=\"wpforms[fields][0]\" aria-errormessage=\"wpforms-84-field_0-error\" required><\/div><div id=\"wpforms-84-field_1-container\" class=\"wpforms-field wpforms-field-email\" data-field-id=\"1\"><label class=\"wpforms-field-label\" for=\"wpforms-84-field_1\">Email <span class=\"wpforms-required-label\" aria-hidden=\"true\">*<\/span><\/label><input type=\"email\" id=\"wpforms-84-field_1\" class=\"wpforms-field-medium wpforms-field-required\" name=\"wpforms[fields][1]\" spellcheck=\"false\" aria-errormessage=\"wpforms-84-field_1-error\" required><\/div><div id=\"wpforms-84-field_2-container\" class=\"wpforms-field wpforms-field-textarea\" data-field-id=\"2\"><label class=\"wpforms-field-label\" for=\"wpforms-84-field_2\">Comment or Message<\/label><textarea id=\"wpforms-84-field_2\" class=\"wpforms-field-medium\" name=\"wpforms[fields][2]\" aria-errormessage=\"wpforms-84-field_2-error\" ><\/textarea><\/div><\/div><!-- .wpforms-field-container --><div class=\"wpforms-submit-container\" ><input type=\"hidden\" name=\"wpforms[id]\" value=\"84\"><input type=\"hidden\" name=\"wpforms[author]\" value=\"1\"><button type=\"submit\" name=\"wpforms[submit]\" id=\"wpforms-submit-84\" class=\"wpforms-submit\" data-alt-text=\"Sending...\" data-submit-text=\"Submit\" aria-live=\"assertive\" value=\"wpforms-submit\">Submit<\/button><img src=\"https:\/\/cursosparamedicos.com\/noticias\/wp-content\/plugins\/wpforms-lite\/assets\/images\/submit-spin.svg\" class=\"wpforms-submit-spinner\" style=\"display: none;\" width=\"26\" height=\"26\" alt=\"Cargando\"><\/div><\/form><\/div>  <!-- .wpforms-container -->\n","protected":false},"excerpt":{"rendered":"<p>Agradecemos mucho tus comentarios y esperamos recibir contacto de tu parte. Si deseas ponerte en contacto con nosotros o tienes comentarios sobre nuestro sitio web, te invitamos a escribirnos a la direcci\u00f3n de correo electr\u00f3nico que se muestra a continuaci\u00f3n. Por favor, utiliza un asunto claro en tu mensaje para [&hellip;]<\/p>\n","protected":false},"author":1,"featured_media":0,"parent":0,"menu_order":0,"comment_status":"closed","ping_status":"closed","template":"","meta":{"footnotes":""},"yoast_head":"<!-- This site is optimized with the Yoast SEO plugin v21.4 - https:\/\/yoast.com\/wordpress\/plugins\/seo\/ -->\n<title>Contacto - Cursosparamedicos<\/title>\n<meta name=\"robots\" content=\"index, follow, max-snippet:-1, max-image-preview:large, max-video-preview:-1\" \/>\n<link rel=\"canonical\" href=\"http:\/\/cursosparamedicos.com\/noticias\/contacto\/\" \/>\n<meta property=\"og:locale\" content=\"es_ES\" \/>\n<meta property=\"og:type\" content=\"article\" \/>\n<meta property=\"og:title\" content=\"Contacto - Cursosparamedicos\" \/>\n<meta property=\"og:description\" content=\"Agradecemos mucho tus comentarios y esperamos recibir contacto de tu parte. Si deseas ponerte en contacto con nosotros o tienes comentarios sobre nuestro sitio web, te invitamos a escribirnos a la direcci\u00f3n de correo electr\u00f3nico que se muestra a continuaci\u00f3n. Por favor, utiliza un asunto claro en tu mensaje para [&hellip;]\" \/>\n<meta property=\"og:url\" content=\"http:\/\/cursosparamedicos.com\/noticias\/contacto\/\" \/>\n<meta property=\"og:site_name\" content=\"Cursosparamedicos\" \/>\n<meta property=\"article:modified_time\" content=\"2023-10-25T09:10:12+00:00\" \/>\n<meta name=\"twitter:card\" content=\"summary_large_image\" \/>\n<meta name=\"twitter:label1\" content=\"Tiempo de lectura\" \/>\n\t<meta name=\"twitter:data1\" content=\"1 minuto\" \/>\n<script type=\"application\/ld+json\" class=\"yoast-schema-graph\">{\"@context\":\"https:\/\/schema.org\",\"@graph\":[{\"@type\":\"WebPage\",\"@id\":\"http:\/\/cursosparamedicos.com\/noticias\/contacto\/\",\"url\":\"http:\/\/cursosparamedicos.com\/noticias\/contacto\/\",\"name\":\"Contacto - Cursosparamedicos\",\"isPartOf\":{\"@id\":\"https:\/\/cursosparamedicos.com\/noticias\/#website\"},\"datePublished\":\"2023-10-25T09:08:08+00:00\",\"dateModified\":\"2023-10-25T09:10:12+00:00\",\"breadcrumb\":{\"@id\":\"http:\/\/cursosparamedicos.com\/noticias\/contacto\/#breadcrumb\"},\"inLanguage\":\"es\",\"potentialAction\":[{\"@type\":\"ReadAction\",\"target\":[\"http:\/\/cursosparamedicos.com\/noticias\/contacto\/\"]}]},{\"@type\":\"BreadcrumbList\",\"@id\":\"http:\/\/cursosparamedicos.com\/noticias\/contacto\/#breadcrumb\",\"itemListElement\":[{\"@type\":\"ListItem\",\"position\":1,\"name\":\"Home\",\"item\":\"https:\/\/cursosparamedicos.com\/noticias\/\"},{\"@type\":\"ListItem\",\"position\":2,\"name\":\"Contacto\"}]},{\"@type\":\"WebSite\",\"@id\":\"https:\/\/cursosparamedicos.com\/noticias\/#website\",\"url\":\"https:\/\/cursosparamedicos.com\/noticias\/\",\"name\":\"Cursosparamedicos\",\"description\":\"Noticias\",\"potentialAction\":[{\"@type\":\"SearchAction\",\"target\":{\"@type\":\"EntryPoint\",\"urlTemplate\":\"https:\/\/cursosparamedicos.com\/noticias\/?s={search_term_string}\"},\"query-input\":\"required name=search_term_string\"}],\"inLanguage\":\"es\"}]}<\/script>\n<!-- \/ Yoast SEO plugin. -->","yoast_head_json":{"title":"Contacto - Cursosparamedicos","robots":{"index":"index","follow":"follow","max-snippet":"max-snippet:-1","max-image-preview":"max-image-preview:large","max-video-preview":"max-video-preview:-1"},"canonical":"http:\/\/cursosparamedicos.com\/noticias\/contacto\/","og_locale":"es_ES","og_type":"article","og_title":"Contacto - Cursosparamedicos","og_description":"Agradecemos mucho tus comentarios y esperamos recibir contacto de tu parte. Si deseas ponerte en contacto con nosotros o tienes comentarios sobre nuestro sitio web, te invitamos a escribirnos a la direcci\u00f3n de correo electr\u00f3nico que se muestra a continuaci\u00f3n. Por favor, utiliza un asunto claro en tu mensaje para [&hellip;]","og_url":"http:\/\/cursosparamedicos.com\/noticias\/contacto\/","og_site_name":"Cursosparamedicos","article_modified_time":"2023-10-25T09:10:12+00:00","twitter_card":"summary_large_image","twitter_misc":{"Tiempo de lectura":"1 minuto"},"schema":{"@context":"https:\/\/schema.org","@graph":[{"@type":"WebPage","@id":"http:\/\/cursosparamedicos.com\/noticias\/contacto\/","url":"http:\/\/cursosparamedicos.com\/noticias\/contacto\/","name":"Contacto - Cursosparamedicos","isPartOf":{"@id":"https:\/\/cursosparamedicos.com\/noticias\/#website"},"datePublished":"2023-10-25T09:08:08+00:00","dateModified":"2023-10-25T09:10:12+00:00","breadcrumb":{"@id":"http:\/\/cursosparamedicos.com\/noticias\/contacto\/#breadcrumb"},"inLanguage":"es","potentialAction":[{"@type":"ReadAction","target":["http:\/\/cursosparamedicos.com\/noticias\/contacto\/"]}]},{"@type":"BreadcrumbList","@id":"http:\/\/cursosparamedicos.com\/noticias\/contacto\/#breadcrumb","itemListElement":[{"@type":"ListItem","position":1,"name":"Home","item":"https:\/\/cursosparamedicos.com\/noticias\/"},{"@type":"ListItem","position":2,"name":"Contacto"}]},{"@type":"WebSite","@id":"https:\/\/cursosparamedicos.com\/noticias\/#website","url":"https:\/\/cursosparamedicos.com\/noticias\/","name":"Cursosparamedicos","description":"Noticias","potentialAction":[{"@type":"SearchAction","target":{"@type":"EntryPoint","urlTemplate":"https:\/\/cursosparamedicos.com\/noticias\/?s={search_term_string}"},"query-input":"required name=search_term_string"}],"inLanguage":"es"}]}},"_links":{"self":[{"href":"https:\/\/cursosparamedicos.com\/noticias\/wp-json\/wp\/v2\/pages\/82"}],"collection":[{"href":"https:\/\/cursosparamedicos.com\/noticias\/wp-json\/wp\/v2\/pages"}],"about":[{"href":"https:\/\/cursosparamedicos.com\/noticias\/wp-json\/wp\/v2\/types\/page"}],"author":[{"embeddable":true,"href":"https:\/\/cursosparamedicos.com\/noticias\/wp-json\/wp\/v2\/users\/1"}],"replies":[{"embeddable":true,"href":"https:\/\/cursosparamedicos.com\/noticias\/wp-json\/wp\/v2\/comments?post=82"}],"version-history":[{"count":2,"href":"https:\/\/cursosparamedicos.com\/noticias\/wp-json\/wp\/v2\/pages\/82\/revisions"}],"predecessor-version":[{"id":87,"href":"https:\/\/cursosparamedicos.com\/noticias\/wp-json\/wp\/v2\/pages\/82\/revisions\/87"}],"wp:attachment":[{"href":"https:\/\/cursosparamedicos.com\/noticias\/wp-json\/wp\/v2\/media?parent=82"}],"curies":[{"name":"wp","href":"https:\/\/api.w.org\/{rel}","templated":true}]}}